{"id":8147,"date":"2026-03-04T10:52:01","date_gmt":"2026-03-04T10:52:01","guid":{"rendered":"https:\/\/so-anwaelte.de\/?page_id=8147"},"modified":"2026-03-04T10:53:02","modified_gmt":"2026-03-04T10:53:02","slug":"mandatsanfrage","status":"publish","type":"page","link":"https:\/\/so-anwaelte.de\/es\/mandatsanfrage\/","title":{"rendered":"Mandatsanfrage"},"content":{"rendered":"<div data-elementor-type=\"wp-page\" data-elementor-id=\"8147\" class=\"elementor elementor-8147\" data-elementor-post-type=\"page\">\n\t\t\t\t<div class=\"elementor-element elementor-element-2361d6b e-flex e-con-boxed wpr-particle-no wpr-jarallax-no wpr-parallax-no wpr-sticky-section-no e-con e-parent\" data-id=\"2361d6b\" data-element_type=\"container\" data-e-type=\"container\">\n\t\t\t\t\t<div class=\"e-con-inner\">\n\t\t\t\t<div class=\"elementor-element elementor-element-5bab9d8 elementor-widget elementor-widget-heading\" data-id=\"5bab9d8\" data-element_type=\"widget\" data-e-type=\"widget\" data-widget_type=\"heading.default\">\n\t\t\t\t<div class=\"elementor-widget-container\">\n\t\t\t\t\t<h2 class=\"elementor-heading-title elementor-size-default\">Bitte f\u00fcllen Sie das Formular aus. Sie erhalten innerhalb eines Werktages eine R\u00fcckmeldung.<\/h2>\t\t\t\t<\/div>\n\t\t\t\t<\/div>\n\t\t\t\t\t<\/div>\n\t\t\t\t<\/div>\n\t\t<div class=\"elementor-element elementor-element-7bf62c9 e-flex e-con-boxed wpr-particle-no wpr-jarallax-no wpr-parallax-no wpr-sticky-section-no e-con e-parent\" data-id=\"7bf62c9\" data-element_type=\"container\" data-e-type=\"container\">\n\t\t\t\t\t<div class=\"e-con-inner\">\n\t\t\t\t<div class=\"elementor-element elementor-element-da846f4 elementor-widget elementor-widget-fm-elementor\" data-id=\"da846f4\" data-element_type=\"widget\" data-e-type=\"widget\" data-widget_type=\"fm-elementor.default\">\n\t\t\t\t<div class=\"elementor-widget-container\">\n\t\t\t\t\t<div style=\"display:none\" class=\"fm-form-container fm-theme14\"><div id=\"fm-pages10\" class=\"fm-pages wdform_page_navigation\" show_title=\"\" show_numbers=\"1\" type=\"none\"><\/div><form name=\"form10\" action=\"\/es\/wp-json\/wp\/v2\/pages\/8147\" method=\"post\" id=\"form10\" class=\"fm-form form10\" enctype=\"multipart\/form-data\" data-trp-original-action=\"\/es\/wp-json\/wp\/v2\/pages\/8147\"><input type=\"hidden\" id=\"fm_page_id10\" value=\"8147\" name=\"fm_page_id10\" \/><input type=\"hidden\" id=\"fm_current_post_type10\" value=\"page\" name=\"fm_current_post_type10\" \/><input type=\"hidden\" id=\"counter10\" value=\"31\" name=\"counter10\" \/><input type=\"hidden\" id=\"Itemid10\" value=\"\" name=\"Itemid10\" \/><input type=\"hidden\" id=\"fm_shake10\" value=\"1\" name=\"fm_shake10\" \/><input type=\"text\" class=\"fm-hide\" id=\"fm_empty_field_validation10\" value=\"\" name=\"fm_empty_field_validation10\" data-value=\"bd736efb144d599cf463541431fbf5c4\" \/><div class=\"wdform-page-and-images fm-form-builder\"><div id=\"10form_view1\" class=\"wdform_page\" page_title=\"Untitled page\" next_title=\"Next\" next_type=\"text\" next_class=\"wdform-page-button\" next_checkable=\"true\" previous_title=\"Previous\" previous_type=\"text\" previous_class=\"wdform-page-button\" previous_checkable=\"false\"><div class=\"wdform_section\"><div class=\"wdform_column\"><div wdid=\"2\" class=\"wdform_row\"><div type=\"type_name\" class=\"wdform-field wd-width-100 wd-flex wd-flex-column fm-type_name\" ><div class=\"wdform-label-section wd-width-100  wd-flex-row\">    <label  for=\"wdform_2_element_first10\" class=\"wdform-label\">Name<\/label><span class=\"wdform-required\">*<\/span><\/div><div class=\"wdform-element-section wd-flex  wd-flex-row wd-width-100\" ><div class=\"wd-flex wd-flex-column wd-width-50\"><input type=\"text\" class=\"wd-width-100\" id=\"wdform_2_element_first10\" name=\"wdform_2_element_first10\" data-value=\"\" value=\"\" title=\"\" placeholder=\"\"  \/><label class=\"mini_label\" for=\"wdform_2_element_first10\">Vorname<\/label><\/div><div class=\"wd-flex wd-flex-column wd-name-separator\"><\/div><div class=\"wd-flex wd-flex-column wd-width-50\"><input type=\"text\" class=\"wd-width-100\" id=\"wdform_2_element_last10\" name=\"wdform_2_element_last10\" data-value=\"\" value=\"\" title=\"\" placeholder=\"\"  \/><label class=\"mini_label\" for=\"wdform_2_element_last10\">Nachname<\/label><\/div><\/div><\/div><\/div><\/div><div class=\"wdform_column\"><div wdid=\"21\" class=\"wdform_row\" style=\"position: relative; left: 0px; top: 0px;\"><div type=\"type_address\" class=\"wdform-field wd-width-100 wd-flex wd-flex-column fm-type_address\" ><div class=\"wdform-label-section wd-width-100 wdform_address wd-flex-column\">    <label  for=\"wdform_21_street110\" class=\"wdform-label\">Anschrift<\/label><\/div><div class=\"wdform-element-section wd-flex wdform_address wd-flex-column wd-width-100\" ><span class=\"wd-width-100 wd-address\" id=\"wdform_21_address_0\">                <input class=\"wd-width-100 wdform_21_address_0\" type=\"text\" id=\"wdform_21_street110\" name=\"wdform_21_street110\" value=\"\"  \/>                <label for=\"wdform_21_street110\" class=\"mini_label\">Stra\u00dfe<\/label><\/span><span class=\"wd-width-100 wd-address\" id=\"wdform_21_address_1\">                <input class=\"wd-width-100 wdform_21_address_1\" type=\"text\" id=\"wdform_21_street210\" name=\"wdform_22_street210\" value=\"\"  \/>                <label for=\"wdform_21_street210\" class=\"mini_label\">Hausnummer<\/label><\/span><span class=\"wd-width-100 wd-flex wd-flex-row wd-flex-wrap wd-justify-content\"><span class=\"wd-width-49 wd-address\" id=\"wdform_21_address_2\">                <input class=\"wd-width-100 wdform_21_address_2\" type=\"text\" id=\"wdform_21_city10\" name=\"wdform_23_city10\" value=\"\"  \/>                <label for=\"wdform_21_city10\" class=\"mini_label\">Ort<\/label><\/span><span class=\"wd-width-49 wd-address\" id=\"wdform_21_address_4\">              <input class=\"wd-width-100 wdform_21_address_4\" type=\"text\" id=\"wdform_21_postal10\" name=\"wdform_25_postal10\" value=\"\"  \/>              <label for=\"wdform_21_postal10\" class=\"mini_label\">Postleitzahl<\/label><\/span><\/span><\/div><\/div><\/div><\/div><div class=\"wdform_column\"><div wdid=\"4\" class=\"wdform_row\" style=\"position: relative; left: 0px; top: 0px;\"><div type=\"type_submitter_mail\" class=\"wdform-field wd-width-100 wd-flex wd-flex-column fm-type_submitter_mail\" ><div class=\"wdform-label-section wd-width-100  wd-flex-row\">    <label  for=\"wdform_4_element10\" class=\"wdform-label\">E-Mail-Adresse<\/label><\/div><div class=\"wdform-element-section wd-flex  wd-flex-row wd-width-100\" ><input type=\"text\" class=\"wd-width-100\" id=\"wdform_4_element10\" name=\"wdform_4_element10\" data-value=\"\" value=\"\" title=\"\" placeholder=\"\"   onchange=\"wd_check_email('4', '10', 'Esto no es una direcci\u00f3n v\u00e1lida de email')\" \/><\/div><\/div><\/div><div wdid=\"3\" class=\"wdform_row\"><div type=\"type_phone_new\" class=\"wdform-field wd-width-100 wd-flex wd-flex-column fm-type_phone_new\" ><div class=\"wdform-label-section wd-width-100\">    <label  for=\"wdform_3_element10\" class=\"wdform-label\">Telefonnummer<\/label><span class=\"wdform-required\">*<\/span><\/div><div class=\"wdform-element-section wd-flex  wd-width-100\" style=\"max-width: 250px;\"><input type=\"text\"                       class=\"wd-width-100\"                       id=\"wdform_3_element10\"                       name=\"wdform_3_element10\"                       value=\"\"                       data-value=\"\"                       placeholder=\"\"  \/><\/div><\/div><\/div><\/div><div class=\"wdform_column\"><div wdid=\"30\" class=\"wdform_row\" style=\"position: relative; left: 0px; top: 0px;\"><div type=\"type_spinner\" class=\"wdform-field wd-width-100 wd-flex wd-flex-column fm-type_spinner\" ><div class=\"wdform-label-section wd-width-100  wd-flex-row\">    <label  for=\"wdform_30_element10\" class=\"wdform-label\">Rechnungsbetrag in Euro<\/label><\/div><div class=\"wdform-element-section wd-flex  wd-flex-row wd-width-100\" ><input                            name=\"wdform_30_element10\"                            id=\"wdform_30_element10\"                            class=\"wd-type-number\"                            onkeyup=\"wd_validate(this)\"                            data-valid-type=\"number\"                            data-form-id=\"10\"                            data-wdid=\"30\"                            style=\"width: 60px;\"                            data-value=\"\"                            value=\"\"                             \/><\/div><\/div><\/div><\/div><div class=\"wdform_column\"><div wdid=\"27\" class=\"wdform_row\" style=\"position: relative; left: 0px; top: 0px;\"><div type=\"type_date_new\" class=\"wdform-field wd-width-100 wd-flex wd-flex-column fm-type_date_new\" ><div class=\"wdform-label-section wd-width-100  wd-flex-row\">    <label  for=\"wdform_27_element10\" class=\"wdform-label\">Datum der Rechnung<\/label><\/div><div class=\"wdform-element-section wd-flex  wd-flex-row wd-width-100\" ><input class=\"wd-width-100\" autocomplete=\"off\" onchange=\"wd_validate(this)\" data-form-id=\"10\" data-wdid=\"27\" data-valid-type=\"date\" type=\"text\" id=\"wdform_27_element10\" data-value=\"\" value=\"\" name=\"wdform_27_element10\"   \/><span id=\"fm-calendar-27\" class=\"dashicons dashicons-calendar-alt wd-calendar-button wd-hidden\"><\/span><input type=\"hidden\" class=\"hidden_date\" data-format=\"dd\/mm\/yyyy\" data-min=\"\" data-max=\"\" id=\"wdform_27_button10\" value=\"\" \/><\/div><\/div><\/div><div wdid=\"28\" class=\"wdform_row\" style=\"position: relative; left: 0px; top: 0px;\"><div type=\"type_date_new\" class=\"wdform-field wd-width-100 wd-flex wd-flex-column fm-type_date_new\" ><div class=\"wdform-label-section wd-width-100  wd-flex-row\">    <label  for=\"wdform_28_element10\" class=\"wdform-label\">Wann wurde die Rechnung verschickt?<\/label><\/div><div class=\"wdform-element-section wd-flex  wd-flex-row wd-width-100\" ><input class=\"wd-width-100\" autocomplete=\"off\" onchange=\"wd_validate(this)\" data-form-id=\"10\" data-wdid=\"28\" data-valid-type=\"date\" type=\"text\" id=\"wdform_28_element10\" data-value=\"\" value=\"\" name=\"wdform_28_element10\"   \/><span id=\"fm-calendar-28\" class=\"dashicons dashicons-calendar-alt wd-calendar-button wd-hidden\"><\/span><input type=\"hidden\" class=\"hidden_date\" data-format=\"dd\/mm\/yyyy\" data-min=\"\" data-max=\"\" id=\"wdform_28_button10\" value=\"\" \/><\/div><\/div><\/div><\/div><div class=\"wdform_column\"><div wdid=\"6\" class=\"wdform_row\"><div type=\"type_file_upload\" class=\"wdform-field wd-width-100 wd-flex wd-flex-column fm-type_file_upload\" ><div class=\"wdform-label-section wd-width-100  wd-flex-column\">    <label  for=\"wdform_6_element10\" class=\"wdform-label\">Rechnung hochladen<\/label><\/div><div class=\"wdform-element-section wd-flex  wd-flex-column wd-width-100\" ><label class=\"file-upload\"><div class=\"file-picker\"><\/div><input type=\"file\" id=\"wdform_6_element10\" name=\"wdform_6_file10[]\" multiple='multiple'  \/><\/label><\/div><\/div><\/div><div wdid=\"29\" class=\"wdform_row\" style=\"position: relative; left: 0px; top: 0px;\"><div type=\"type_file_upload\" class=\"wdform-field wd-width-100 wd-flex wd-flex-column fm-type_file_upload\" ><div class=\"wdform-label-section wd-width-100  wd-flex-column\">    <label  for=\"wdform_29_element10\" class=\"wdform-label\">Optional weitere Unterlagen hochladen (z.B. Vertrag)<\/label><\/div><div class=\"wdform-element-section wd-flex  wd-flex-column wd-width-100\" ><label class=\"file-upload\"><div class=\"file-picker\"><\/div><input type=\"file\" id=\"wdform_29_element10\" name=\"wdform_29_file10[]\" multiple='multiple'  \/><\/label><\/div><\/div><\/div><\/div><div class=\"wdform_column\"><div wdid=\"15\" class=\"wdform_row\" style=\"position: relative; left: 0px; top: 0px;\"><div type=\"type_checkbox\" class=\"wdform-field wd-width-100 wd-flex wd-flex-column fm-type_checkbox\" ><div class=\"wdform-label-section wd-width-100  wd-flex-wrap wd-flex-column\">    <label  class=\"wdform-label\">Protecci\u00f3n de datos<\/label><span class=\"wdform-required\">*<\/span><\/div><div class=\"wdform-element-section wd-flex  wd-flex-wrap wd-flex-column wd-width-100\" ><div class=\"wd-flex wd-flex-row\"><input type=\"hidden\" name=\"wdform_15_element10\" value=\"\" \/><div class=\"checkbox-div wd-choice wd-flex wd-flex-row\"><input type=\"checkbox\"  id=\"wdform_15_element100\" name=\"wdform_15_element100\" value=\"Ich habe die Datenschutzerkl\u00e4rung zur Kenntnis genommen und stimme zu\"    \/><label class=\"wd-align-items-center wd-flex wd-flex-row\" for=\"wdform_15_element100\"><span><\/span>Ich habe die Datenschutzerkl\u00e4rung zur Kenntnis genommen und stimme zu<\/label><\/div><\/div><\/div><\/div><\/div><\/div><div class=\"wdform_column\"><div wdid=\"1\" class=\"wdform_row\"><div type=\"type_submit_reset\" class=\"wdform-field wd-width-100 wd-flex wd-flex-column fm-type_submit_reset\" ><div class=\"wdform-element-section wd-flex  wd-flex-row wd-justify-content-left wd-width-100\" ><button  type=\"button\" class=\"button-submit\" onclick=\"fm_submit_form('10');\"  data-ajax=\"0\"><span class=\"fm-submit-loading spinner fm-ico-spinner\"><\/span>Absenden<\/button><button  type=\"button\" class=\"button-reset wd-hidden\" onclick=\"fm_reset_form(10);\" >Reset<\/button><\/div><\/div><\/div><\/div><\/div><div valign=\"top\" class=\"wdform_footer wd-width-100\"><div class=\"wd-width-100\"><div class=\"wd-width-100 wd-table\" style=\"padding-top:10px;\"><div class=\"wd-table-group\"><div id=\"10page_nav1\" class=\"wd-table-row\"><\/div><\/div><\/div><\/div><\/div><\/div><\/div><div class=\"wdform_preload\"><\/div><input type=\"hidden\" name=\"fm-current-page\" value=\"https:\/\/so-anwaelte.de\/es\/wp-json\/wp\/v2\/pages\/8147\" \/><input type=\"hidden\" name=\"trp-form-language\" value=\"es\"\/><\/form><\/div>\t\t\t\t<\/div>\n\t\t\t\t<\/div>\n\t\t\t\t\t<\/div>\n\t\t\t\t<\/div>\n\t\t\t\t<\/div>","protected":false},"excerpt":{"rendered":"<p>Bitte f\u00fcllen Sie das Formular aus. Sie erhalten innerhalb eines Werktages eine R\u00fcckmeldung. Name*VornameNachname Anschrift Stra\u00dfe Hausnummer Ort Postleitzahl E-Mail-Adresse Telefonnummer* Datum der Rechnung Wann wurde die Rechnung verschickt? Rechnung hochladen Optional weitere Unterlagen hochladen (z.B. Vertrag) Datenschutz*Ich habe die Datenschutzerkl\u00e4rung zur Kenntnis genommen und stimme zuAbsendenReset<\/p>","protected":false},"author":4,"featured_media":0,"parent":0,"menu_order":0,"comment_status":"closed","ping_status":"closed","template":"","meta":{"_yoast_wpseo_focuskw":"","_yoast_wpseo_title":"","_yoast_wpseo_metadesc":"","_yoast_wpseo_meta-robots-noindex":"","_yoast_wpseo_canonical":"","so_intro":"","so_s1":"","so_s2":"","so_s3":"","so_s4":"","so_faq":"","so_city":"","so_region":"","so_ag":"","so_lag":"","so_branches":"","two_page_speed":[],"footnotes":""},"class_list":["post-8147","page","type-page","status-publish","hentry"],"yoast_head":"<!-- This site is optimized with the Yoast SEO Premium plugin v27.1 (Yoast SEO v27.1.1) - https:\/\/yoast.com\/product\/yoast-seo-premium-wordpress\/ -->\n<title>Mandatsanfrage - Steveker &amp; Odebrecht - Anwaltskanzlei<\/title>\n<meta name=\"robots\" content=\"index, follow, max-snippet:-1, max-image-preview:large, max-video-preview:-1\" \/>\n<link rel=\"canonical\" href=\"https:\/\/so-anwaelte.de\/es\/mandatsanfrage\/\" \/>\n<meta property=\"og:locale\" content=\"es_ES\" \/>\n<meta property=\"og:type\" content=\"article\" \/>\n<meta property=\"og:title\" content=\"Mandatsanfrage\" \/>\n<meta property=\"og:description\" content=\"Bitte f\u00fcllen Sie das Formular aus. Sie erhalten innerhalb eines Werktages eine R\u00fcckmeldung. Name*VornameNachname Anschrift Stra\u00dfe Hausnummer Ort Postleitzahl E-Mail-Adresse Telefonnummer* Datum der Rechnung Wann wurde die Rechnung verschickt? Rechnung hochladen Optional weitere Unterlagen hochladen (z.B. Vertrag) Datenschutz*Ich habe die Datenschutzerkl\u00e4rung zur Kenntnis genommen und stimme zuAbsendenReset\" \/>\n<meta property=\"og:url\" content=\"https:\/\/so-anwaelte.de\/es\/mandatsanfrage\/\" \/>\n<meta property=\"og:site_name\" content=\"Steveker &amp; Odebrecht - Anwaltskanzlei\" \/>\n<meta property=\"article:modified_time\" content=\"2026-03-04T10:53:02+00:00\" \/>\n<meta name=\"twitter:card\" content=\"summary_large_image\" \/>\n<meta name=\"twitter:label1\" content=\"Tiempo de lectura\" \/>\n\t<meta name=\"twitter:data1\" content=\"2 minutos\" \/>\n<script type=\"application\/ld+json\" class=\"yoast-schema-graph\">{\"@context\":\"https:\/\/schema.org\",\"@graph\":[{\"@type\":\"WebPage\",\"@id\":\"https:\/\/so-anwaelte.de\/mandatsanfrage\/\",\"url\":\"https:\/\/so-anwaelte.de\/mandatsanfrage\/\",\"name\":\"Mandatsanfrage - Steveker &amp; Odebrecht - Anwaltskanzlei\",\"isPartOf\":{\"@id\":\"https:\/\/so-anwaelte.de\/#website\"},\"datePublished\":\"2026-03-04T10:52:01+00:00\",\"dateModified\":\"2026-03-04T10:53:02+00:00\",\"breadcrumb\":{\"@id\":\"https:\/\/so-anwaelte.de\/mandatsanfrage\/#breadcrumb\"},\"inLanguage\":\"es\",\"potentialAction\":[{\"@type\":\"ReadAction\",\"target\":[\"https:\/\/so-anwaelte.de\/mandatsanfrage\/\"]}]},{\"@type\":\"BreadcrumbList\",\"@id\":\"https:\/\/so-anwaelte.de\/mandatsanfrage\/#breadcrumb\",\"itemListElement\":[{\"@type\":\"ListItem\",\"position\":1,\"name\":\"Home\",\"item\":\"https:\/\/so-anwaelte.de\/\"},{\"@type\":\"ListItem\",\"position\":2,\"name\":\"Mandatsanfrage\"}]},{\"@type\":\"WebSite\",\"@id\":\"https:\/\/so-anwaelte.de\/#website\",\"url\":\"https:\/\/so-anwaelte.de\/\",\"name\":\"Steveker & Odebrecht - Anwaltskanzlei\",\"description\":\"\",\"publisher\":{\"@id\":\"https:\/\/so-anwaelte.de\/#organization\"},\"potentialAction\":[{\"@type\":\"SearchAction\",\"target\":{\"@type\":\"EntryPoint\",\"urlTemplate\":\"https:\/\/so-anwaelte.de\/?s={search_term_string}\"},\"query-input\":{\"@type\":\"PropertyValueSpecification\",\"valueRequired\":true,\"valueName\":\"search_term_string\"}}],\"inLanguage\":\"es\"},{\"@type\":[\"Organization\",\"Place\",\"Attorney\"],\"@id\":\"https:\/\/so-anwaelte.de\/#organization\",\"name\":\"Steveker & Odebrecht PartmbB\",\"url\":\"https:\/\/so-anwaelte.de\/\",\"logo\":{\"@type\":\"ImageObject\",\"inLanguage\":\"es\",\"@id\":\"https:\/\/so-anwaelte.de\/#\/schema\/logo\/image\/\",\"url\":\"https:\/\/so-anwaelte.de\/wp-content\/uploads\/2025\/04\/customcolor_logo_transparent_background-scaled.png\",\"contentUrl\":\"https:\/\/so-anwaelte.de\/wp-content\/uploads\/2025\/04\/customcolor_logo_transparent_background-scaled.png\",\"width\":2560,\"height\":1536,\"caption\":\"Steveker & Odebrecht PartmbB\"},\"image\":{\"@id\":\"https:\/\/so-anwaelte.de\/#\/schema\/logo\/image\/\"},\"legalName\":\"Steveker & Odebrecht PartmbB\",\"foundingDate\":\"2025-07-01\",\"numberOfEmployees\":{\"@type\":\"QuantitativeValue\",\"minValue\":\"11\",\"maxValue\":\"50\"},\"telephone\":[],\"vatID\":\"DE454806485\"}]}<\/script>\n<!-- \/ Yoast SEO Premium plugin. -->","yoast_head_json":{"title":"Mandatsanfrage - Steveker &amp; Odebrecht - Anwaltskanzlei","robots":{"index":"index","follow":"follow","max-snippet":"max-snippet:-1","max-image-preview":"max-image-preview:large","max-video-preview":"max-video-preview:-1"},"canonical":"https:\/\/so-anwaelte.de\/es\/mandatsanfrage\/","og_locale":"es_ES","og_type":"article","og_title":"Mandatsanfrage","og_description":"Bitte f\u00fcllen Sie das Formular aus. Sie erhalten innerhalb eines Werktages eine R\u00fcckmeldung. Name*VornameNachname Anschrift Stra\u00dfe Hausnummer Ort Postleitzahl E-Mail-Adresse Telefonnummer* Datum der Rechnung Wann wurde die Rechnung verschickt? Rechnung hochladen Optional weitere Unterlagen hochladen (z.B. Vertrag) Datenschutz*Ich habe die Datenschutzerkl\u00e4rung zur Kenntnis genommen und stimme zuAbsendenReset","og_url":"https:\/\/so-anwaelte.de\/es\/mandatsanfrage\/","og_site_name":"Steveker &amp; Odebrecht - Anwaltskanzlei","article_modified_time":"2026-03-04T10:53:02+00:00","twitter_card":"summary_large_image","twitter_misc":{"Tiempo de lectura":"2 minutos"},"schema":{"@context":"https:\/\/schema.org","@graph":[{"@type":"WebPage","@id":"https:\/\/so-anwaelte.de\/mandatsanfrage\/","url":"https:\/\/so-anwaelte.de\/mandatsanfrage\/","name":"Mandatsanfrage - Steveker &amp; Odebrecht - Anwaltskanzlei","isPartOf":{"@id":"https:\/\/so-anwaelte.de\/#website"},"datePublished":"2026-03-04T10:52:01+00:00","dateModified":"2026-03-04T10:53:02+00:00","breadcrumb":{"@id":"https:\/\/so-anwaelte.de\/mandatsanfrage\/#breadcrumb"},"inLanguage":"es","potentialAction":[{"@type":"ReadAction","target":["https:\/\/so-anwaelte.de\/mandatsanfrage\/"]}]},{"@type":"BreadcrumbList","@id":"https:\/\/so-anwaelte.de\/mandatsanfrage\/#breadcrumb","itemListElement":[{"@type":"ListItem","position":1,"name":"Home","item":"https:\/\/so-anwaelte.de\/"},{"@type":"ListItem","position":2,"name":"Mandatsanfrage"}]},{"@type":"WebSite","@id":"https:\/\/so-anwaelte.de\/#website","url":"https:\/\/so-anwaelte.de\/","name":"Steveker &amp; Odebrecht - Despacho de abogados","description":"","publisher":{"@id":"https:\/\/so-anwaelte.de\/#organization"},"potentialAction":[{"@type":"SearchAction","target":{"@type":"EntryPoint","urlTemplate":"https:\/\/so-anwaelte.de\/?s={search_term_string}"},"query-input":{"@type":"PropertyValueSpecification","valueRequired":true,"valueName":"search_term_string"}}],"inLanguage":"es"},{"@type":["Organization","Place","Attorney"],"@id":"https:\/\/so-anwaelte.de\/#organization","name":"Steveker & Odebrecht PartmbB","url":"https:\/\/so-anwaelte.de\/","logo":{"@type":"ImageObject","inLanguage":"es","@id":"https:\/\/so-anwaelte.de\/#\/schema\/logo\/image\/","url":"https:\/\/so-anwaelte.de\/wp-content\/uploads\/2025\/04\/customcolor_logo_transparent_background-scaled.png","contentUrl":"https:\/\/so-anwaelte.de\/wp-content\/uploads\/2025\/04\/customcolor_logo_transparent_background-scaled.png","width":2560,"height":1536,"caption":"Steveker & Odebrecht PartmbB"},"image":{"@id":"https:\/\/so-anwaelte.de\/#\/schema\/logo\/image\/"},"legalName":"Steveker & Odebrecht PartmbB","foundingDate":"2025-07-01","numberOfEmployees":{"@type":"QuantitativeValue","minValue":"11","maxValue":"50"},"telephone":[],"vatID":"DE454806485"}]}},"_links":{"self":[{"href":"https:\/\/so-anwaelte.de\/es\/wp-json\/wp\/v2\/pages\/8147","targetHints":{"allow":["GET"]}}],"collection":[{"href":"https:\/\/so-anwaelte.de\/es\/wp-json\/wp\/v2\/pages"}],"about":[{"href":"https:\/\/so-anwaelte.de\/es\/wp-json\/wp\/v2\/types\/page"}],"author":[{"embeddable":true,"href":"https:\/\/so-anwaelte.de\/es\/wp-json\/wp\/v2\/users\/4"}],"replies":[{"embeddable":true,"href":"https:\/\/so-anwaelte.de\/es\/wp-json\/wp\/v2\/comments?post=8147"}],"version-history":[{"count":0,"href":"https:\/\/so-anwaelte.de\/es\/wp-json\/wp\/v2\/pages\/8147\/revisions"}],"wp:attachment":[{"href":"https:\/\/so-anwaelte.de\/es\/wp-json\/wp\/v2\/media?parent=8147"}],"curies":[{"name":"wp","href":"https:\/\/api.w.org\/{rel}","templated":true}]}}