{"id":180,"date":"2025-04-24T15:40:40","date_gmt":"2025-04-24T15:40:40","guid":{"rendered":"https:\/\/so-anwaelte.de\/terms-and-conditions\/"},"modified":"2026-02-24T16:25:57","modified_gmt":"2026-02-24T16:25:57","slug":"imprimir","status":"publish","type":"page","link":"https:\/\/so-anwaelte.de\/es\/impressum\/","title":{"rendered":"Pie de imprenta"},"content":{"rendered":"<div data-elementor-type=\"wp-page\" data-elementor-id=\"180\" class=\"elementor elementor-180\" data-elementor-post-type=\"page\">\n\t\t\t\t<div class=\"elementor-element elementor-element-tndahvp4 twbb_section e-flex e-con-boxed wpr-particle-no wpr-jarallax-no wpr-parallax-no wpr-sticky-section-no e-con e-parent\" data-id=\"tndahvp4\" data-element_type=\"container\" data-e-type=\"container\" data-settings=\"{&quot;background_background&quot;:&quot;classic&quot;}\">\n\t\t\t\t\t<div class=\"e-con-inner\">\n\t\t\t\t<div class=\"elementor-element elementor-element-yo9imi6s elementor-widget__width-initial elementor-widget-mobile__width-inherit elementor-widget-tablet__width-initial elementor-invisible elementor-widget elementor-widget-heading\" data-id=\"yo9imi6s\" data-element_type=\"widget\" data-e-type=\"widget\" data-settings=\"{&quot;_animation&quot;:&quot;fadeInUp&quot;}\" data-widget_type=\"heading.default\">\n\t\t\t\t<div class=\"elementor-widget-container\">\n\t\t\t\t\t<h1 class=\"elementor-heading-title elementor-size-default\">Pie de imprenta <\/h1>\t\t\t\t<\/div>\n\t\t\t\t<\/div>\n\t\t\t\t\t<\/div>\n\t\t\t\t<\/div>\n\t\t<div class=\"elementor-element elementor-element-hyj3iatr twbb_section e-flex e-con-boxed wpr-particle-no wpr-jarallax-no wpr-parallax-no wpr-sticky-section-no e-con e-parent\" data-id=\"hyj3iatr\" data-element_type=\"container\" data-e-type=\"container\" data-settings=\"{&quot;background_background&quot;:&quot;classic&quot;}\">\n\t\t\t\t\t<div class=\"e-con-inner\">\n\t\t\t\t<div class=\"elementor-element elementor-element-jv8ryum5 elementor-widget__width-initial elementor-widget-mobile__width-inherit elementor-widget-tablet__width-initial elementor-invisible elementor-widget elementor-widget-text-editor\" data-id=\"jv8ryum5\" data-element_type=\"widget\" data-e-type=\"widget\" data-settings=\"{&quot;_animation&quot;:&quot;fadeInUp&quot;}\" data-widget_type=\"text-editor.default\">\n\t\t\t\t<div class=\"elementor-widget-container\">\n\t\t\t\t\t\t\t\t\t<div class=\"main_color container_wrap_first container_wrap fullsize\"><div class=\"container av-section-cont-open\"><div class=\"post-entry post-entry-type-page post-entry-7\"><div class=\"entry-content-wrapper clearfix\"><section class=\"av_textblock_section av-k6kv3y0i-f5ee4b7d195a3a27e276595989091955\"><div class=\"avia_textblock\"><p>Steveker &amp; Odebrecht PartmbB<br \/>Lange Stra\u00dfe 54<br \/>D-27232 Sulingen<\/p><p>Tel\u00e9fono: 04271 8009292<\/p><p>Telefax: 042718009299<\/p><p>E-Mail: <a href=\"mailto:anwalt@ws-kanzlei.de\">kontakt@so-anwaelte.de<\/a><\/p><p>Internet: <a href=\"https:\/\/so-anwaelte.de\/es\/\">so-anwaelte.de<\/a><\/p><p>Agencia Tributaria de Sulingen<\/p><p>N\u00famero de identificaci\u00f3n fiscal:<br \/>DE454806485<\/p><p>La sociedad est\u00e1 registrada en el Juzgado de Primera Instancia de Hannover con el n\u00famero PR 201682.\u00a0<\/p><p>Los abogados que trabajan en Steveker &amp; Odebrecht PartmbB tienen el t\u00edtulo profesional de Rechtsanwalt:Rechtsanw\u00e4ltin.<\/p><p>Bj\u00f6rn Steveker es miembro del:<\/p><p>Colegio de Abogados de Celle<br \/>Sociedad de derecho p\u00fablico<br \/>Bahnhofstrasse 5<br \/>29221 Celle<br \/>Tel\u00e9fono: 05141 9282 0<br \/>Fax: 05141-9282 42<br \/>Correo electr\u00f3nico: info@rakcelle.de<br \/>Internet: www.rakcelle.de<\/p><p>Christian Odebrecht y Kim Mirow son miembros del:<\/p><p>Colegio de Abogados Hanse\u00e1tico de Bremen<br \/>Sociedad de derecho p\u00fablico<br \/>Knochenhauerstra\u00dfe 36\/37<br \/>28195 Bremen<br \/>Tel\u00e9fono: 0421 - 16897-0<br \/>Fax: 0421 -16897-20<br \/>Correo electr\u00f3nico: info@rak-bremen.de<br \/>Internet: www.rak-bremen.de<\/p><p>Seguro de responsabilidad civil profesional: Markel Insurance SE, Sophienstr. 26, 80333 M\u00fanich. La suma asegurada asciende a 1.000.000 de euros.<\/p><p>En todo el territorio de la UE y los Estados del Acuerdo sobre el Espacio Econ\u00f3mico Europeo.<\/p><p>Los abogados que trabajan en Steveker &amp; Odebrecht PartmbB est\u00e1n sujetos a diversas normas profesionales:<\/p><p>Ley Federal de Abogados BORA - C\u00f3digo de conducta profesional de los abogados<br \/>BRAO - Ley Federal de Abogados<br \/>RVG - Ley de honorarios de abogados<br \/>FAO - Reglamento del abogado especialista<br \/>Normas profesionales de los abogados de la Uni\u00f3n Europea<\/p><p>Redacci\u00f3n:<\/p><p>Responsable del contenido (seg\u00fan \u00a76 MDStV): <br \/>Bj\u00f6rn Steveker<br \/>Lange Stra\u00dfe 54<br \/>27232 Sulingen<\/p><\/div><\/section><\/div><\/div><\/div><\/div>\t\t\t\t\t\t\t\t<\/div>\n\t\t\t\t<\/div>\n\t\t\t\t\t<\/div>\n\t\t\t\t<\/div>\n\t\t\t\t<\/div>","protected":false},"excerpt":{"rendered":"<p>Impressum Steveker &amp; Odebrecht PartmbBLange Stra\u00dfe 54D-27232 Sulingen Telefon: 04271 8009292 Telefax: 042718009299 E-Mail: kontakt@so-anwaelte.de Internet: so-anwaelte.de Finanzamt Sulingen Umsatzsteuer-Identifikationsnummer:DE454806485 Die Partnerschaft ist beim Amtsgericht Hannover (Registergericht) unter PR 201682 eingetragen.\u00a0 Die Rechtsanw\u00e4lt:innen, die bei Steveker &amp; Odebrecht PartmbB t\u00e4tig sind, tragen die Berufsbezeichnung Rechtsanwalt:Rechtsanw\u00e4ltin. Bj\u00f6rn Steveker ist Mitglieder der: Rechtsanwaltskammer CelleK\u00f6rperschaft de \u00f6ffentlichen RechtsBahnhofstrasse 529221 CelleTelefon: 05141 9282 0Telefax: 05141-9282 42E-Mail: info@rakcelle.deInternet: www.rakcelle.de Christian Odebrecht und Kim Mirow sind Mitglieder:innen der: Hanseatische Rechtsanwaltskammer BremenK\u00f6rperschaft des \u00f6ffentlichen RechtsKnochenhauerstra\u00dfe 36\/3728195 BremenTelefon: 0421 \u2013\u00a016897-0Telefax: 0421 -16897-20E-Mail: info@rak-bremen.deInternet: www.rak-bremen.de Berufshaftpflichtversicherung: Markel Insurance SE, Sophienstr. 26, 80333 M\u00fcnchen. Die Versicherungssumme betr\u00e4gt 1.000.000 Euro. Im gesamten EU-Gebiet und den Staaten des Abkommens \u00fcber den Europ\u00e4ischen Wirtschaftsraum. Die bei Steveker &amp; Odebrecht PartmbB t\u00e4tigen Rechtsanw\u00e4lt:innen\u00a0 unterliegen verschiedenen Berufsregeln: Bundesrechtsanwaltsordnung BORA \u2013 Berufsordnung f\u00fcr Rechtsanw\u00e4lteBRAO \u2013 BundesrechtsanwaltsordnungRVG \u2013 Rechtsanwaltsverg\u00fctungsgesetzFAO \u2013 FachanwaltsordnungBerufsregeln die:der Rechtsanw\u00e4lt:innen der Europ\u00e4ischen Union Redaktion: Inhaltlich Verantwortlicher (gem\u00e4\u00df \u00a76 MDStV): Bj\u00f6rn StevekerLange Stra\u00dfe 5427232 Sulingen<\/p>","protected":false},"author":3,"featured_media":0,"parent":0,"menu_order":0,"comment_status":"closed","ping_status":"publish","template":"","meta":{"_yoast_wpseo_focuskw":"","_yoast_wpseo_title":"","_yoast_wpseo_metadesc":"","_yoast_wpseo_meta-robots-noindex":"","_yoast_wpseo_canonical":"","so_intro":"","so_s1":"","so_s2":"","so_s3":"","so_s4":"","so_faq":"","so_city":"","so_region":"","so_ag":"","so_lag":"","so_branches":"","two_page_speed":[],"footnotes":""},"class_list":["post-180","page","type-page","status-publish","hentry"],"yoast_head":"<!-- This site is optimized with the Yoast SEO Premium plugin v27.1 (Yoast SEO v27.1.1) - https:\/\/yoast.com\/product\/yoast-seo-premium-wordpress\/ -->\n<title>Impressum - Steveker &amp; Odebrecht - Anwaltskanzlei<\/title>\n<meta name=\"robots\" content=\"index, follow, max-snippet:-1, max-image-preview:large, max-video-preview:-1\" \/>\n<link rel=\"canonical\" href=\"https:\/\/so-anwaelte.de\/es\/imprimir\/\" \/>\n<meta property=\"og:locale\" content=\"es_ES\" \/>\n<meta property=\"og:type\" content=\"article\" \/>\n<meta property=\"og:title\" content=\"Impressum\" \/>\n<meta property=\"og:description\" content=\"Impressum Steveker &amp; Odebrecht PartmbBLange Stra\u00dfe 54D-27232 Sulingen Telefon: 04271 8009292 Telefax: 042718009299 E-Mail: kontakt@so-anwaelte.de Internet: so-anwaelte.de Finanzamt Sulingen Umsatzsteuer-Identifikationsnummer:DE454806485 Die Partnerschaft ist beim Amtsgericht Hannover (Registergericht) unter PR 201682 eingetragen.\u00a0 Die Rechtsanw\u00e4lt:innen, die bei Steveker &amp; Odebrecht PartmbB t\u00e4tig sind, tragen die Berufsbezeichnung Rechtsanwalt:Rechtsanw\u00e4ltin. Bj\u00f6rn Steveker ist Mitglieder der: Rechtsanwaltskammer CelleK\u00f6rperschaft de \u00f6ffentlichen RechtsBahnhofstrasse 529221 CelleTelefon: 05141 9282 0Telefax: 05141-9282 42E-Mail: info@rakcelle.deInternet: www.rakcelle.de Christian Odebrecht und Kim Mirow sind Mitglieder:innen der: Hanseatische Rechtsanwaltskammer BremenK\u00f6rperschaft des \u00f6ffentlichen RechtsKnochenhauerstra\u00dfe 36\/3728195 BremenTelefon: 0421 \u2013\u00a016897-0Telefax: 0421 -16897-20E-Mail: info@rak-bremen.deInternet: www.rak-bremen.de Berufshaftpflichtversicherung: Markel Insurance SE, Sophienstr. 26, 80333 M\u00fcnchen. Die Versicherungssumme betr\u00e4gt 1.000.000 Euro. Im gesamten EU-Gebiet und den Staaten des Abkommens \u00fcber den Europ\u00e4ischen Wirtschaftsraum. Die bei Steveker &amp; Odebrecht PartmbB t\u00e4tigen Rechtsanw\u00e4lt:innen\u00a0 unterliegen verschiedenen Berufsregeln: Bundesrechtsanwaltsordnung BORA \u2013 Berufsordnung f\u00fcr Rechtsanw\u00e4lteBRAO \u2013 BundesrechtsanwaltsordnungRVG \u2013 Rechtsanwaltsverg\u00fctungsgesetzFAO \u2013 FachanwaltsordnungBerufsregeln die:der Rechtsanw\u00e4lt:innen der Europ\u00e4ischen Union Redaktion: Inhaltlich Verantwortlicher (gem\u00e4\u00df \u00a76 MDStV): Bj\u00f6rn StevekerLange Stra\u00dfe 5427232 Sulingen\" \/>\n<meta property=\"og:url\" content=\"https:\/\/so-anwaelte.de\/es\/imprimir\/\" \/>\n<meta property=\"og:site_name\" content=\"Steveker &amp; Odebrecht - Anwaltskanzlei\" \/>\n<meta property=\"article:modified_time\" content=\"2026-02-24T16:25:57+00:00\" \/>\n<meta name=\"twitter:card\" content=\"summary_large_image\" \/>\n<meta name=\"twitter:label1\" content=\"Tiempo de lectura\" \/>\n\t<meta name=\"twitter:data1\" content=\"2 minutos\" \/>\n<script type=\"application\/ld+json\" class=\"yoast-schema-graph\">{\"@context\":\"https:\/\/schema.org\",\"@graph\":[{\"@type\":\"WebPage\",\"@id\":\"https:\/\/so-anwaelte.de\/impressum\/\",\"url\":\"https:\/\/so-anwaelte.de\/impressum\/\",\"name\":\"Impressum - Steveker &amp; Odebrecht - Anwaltskanzlei\",\"isPartOf\":{\"@id\":\"https:\/\/so-anwaelte.de\/#website\"},\"datePublished\":\"2025-04-24T15:40:40+00:00\",\"dateModified\":\"2026-02-24T16:25:57+00:00\",\"breadcrumb\":{\"@id\":\"https:\/\/so-anwaelte.de\/impressum\/#breadcrumb\"},\"inLanguage\":\"es\",\"potentialAction\":[{\"@type\":\"ReadAction\",\"target\":[\"https:\/\/so-anwaelte.de\/impressum\/\"]}]},{\"@type\":\"BreadcrumbList\",\"@id\":\"https:\/\/so-anwaelte.de\/impressum\/#breadcrumb\",\"itemListElement\":[{\"@type\":\"ListItem\",\"position\":1,\"name\":\"Home\",\"item\":\"https:\/\/so-anwaelte.de\/\"},{\"@type\":\"ListItem\",\"position\":2,\"name\":\"Impressum\"}]},{\"@type\":\"WebSite\",\"@id\":\"https:\/\/so-anwaelte.de\/#website\",\"url\":\"https:\/\/so-anwaelte.de\/\",\"name\":\"Steveker & Odebrecht - Anwaltskanzlei\",\"description\":\"\",\"publisher\":{\"@id\":\"https:\/\/so-anwaelte.de\/#organization\"},\"potentialAction\":[{\"@type\":\"SearchAction\",\"target\":{\"@type\":\"EntryPoint\",\"urlTemplate\":\"https:\/\/so-anwaelte.de\/?s={search_term_string}\"},\"query-input\":{\"@type\":\"PropertyValueSpecification\",\"valueRequired\":true,\"valueName\":\"search_term_string\"}}],\"inLanguage\":\"es\"},{\"@type\":[\"Organization\",\"Place\",\"Attorney\"],\"@id\":\"https:\/\/so-anwaelte.de\/#organization\",\"name\":\"Steveker & Odebrecht PartmbB\",\"url\":\"https:\/\/so-anwaelte.de\/\",\"logo\":{\"@type\":\"ImageObject\",\"inLanguage\":\"es\",\"@id\":\"https:\/\/so-anwaelte.de\/#\/schema\/logo\/image\/\",\"url\":\"https:\/\/so-anwaelte.de\/wp-content\/uploads\/2025\/04\/customcolor_logo_transparent_background-scaled.png\",\"contentUrl\":\"https:\/\/so-anwaelte.de\/wp-content\/uploads\/2025\/04\/customcolor_logo_transparent_background-scaled.png\",\"width\":2560,\"height\":1536,\"caption\":\"Steveker & Odebrecht PartmbB\"},\"image\":{\"@id\":\"https:\/\/so-anwaelte.de\/#\/schema\/logo\/image\/\"},\"legalName\":\"Steveker & Odebrecht PartmbB\",\"foundingDate\":\"2025-07-01\",\"numberOfEmployees\":{\"@type\":\"QuantitativeValue\",\"minValue\":\"11\",\"maxValue\":\"50\"},\"telephone\":[],\"vatID\":\"DE454806485\"}]}<\/script>\n<!-- \/ Yoast SEO Premium plugin. -->","yoast_head_json":{"title":"Impressum - Steveker &amp; Odebrecht - Anwaltskanzlei","robots":{"index":"index","follow":"follow","max-snippet":"max-snippet:-1","max-image-preview":"max-image-preview:large","max-video-preview":"max-video-preview:-1"},"canonical":"https:\/\/so-anwaelte.de\/es\/imprimir\/","og_locale":"es_ES","og_type":"article","og_title":"Impressum","og_description":"Impressum Steveker &amp; Odebrecht PartmbBLange Stra\u00dfe 54D-27232 Sulingen Telefon: 04271 8009292 Telefax: 042718009299 E-Mail: kontakt@so-anwaelte.de Internet: so-anwaelte.de Finanzamt Sulingen Umsatzsteuer-Identifikationsnummer:DE454806485 Die Partnerschaft ist beim Amtsgericht Hannover (Registergericht) unter PR 201682 eingetragen.\u00a0 Die Rechtsanw\u00e4lt:innen, die bei Steveker &amp; Odebrecht PartmbB t\u00e4tig sind, tragen die Berufsbezeichnung Rechtsanwalt:Rechtsanw\u00e4ltin. Bj\u00f6rn Steveker ist Mitglieder der: Rechtsanwaltskammer CelleK\u00f6rperschaft de \u00f6ffentlichen RechtsBahnhofstrasse 529221 CelleTelefon: 05141 9282 0Telefax: 05141-9282 42E-Mail: info@rakcelle.deInternet: www.rakcelle.de Christian Odebrecht und Kim Mirow sind Mitglieder:innen der: Hanseatische Rechtsanwaltskammer BremenK\u00f6rperschaft des \u00f6ffentlichen RechtsKnochenhauerstra\u00dfe 36\/3728195 BremenTelefon: 0421 \u2013\u00a016897-0Telefax: 0421 -16897-20E-Mail: info@rak-bremen.deInternet: www.rak-bremen.de Berufshaftpflichtversicherung: Markel Insurance SE, Sophienstr. 26, 80333 M\u00fcnchen. Die Versicherungssumme betr\u00e4gt 1.000.000 Euro. Im gesamten EU-Gebiet und den Staaten des Abkommens \u00fcber den Europ\u00e4ischen Wirtschaftsraum. Die bei Steveker &amp; Odebrecht PartmbB t\u00e4tigen Rechtsanw\u00e4lt:innen\u00a0 unterliegen verschiedenen Berufsregeln: Bundesrechtsanwaltsordnung BORA \u2013 Berufsordnung f\u00fcr Rechtsanw\u00e4lteBRAO \u2013 BundesrechtsanwaltsordnungRVG \u2013 Rechtsanwaltsverg\u00fctungsgesetzFAO \u2013 FachanwaltsordnungBerufsregeln die:der Rechtsanw\u00e4lt:innen der Europ\u00e4ischen Union Redaktion: Inhaltlich Verantwortlicher (gem\u00e4\u00df \u00a76 MDStV): Bj\u00f6rn StevekerLange Stra\u00dfe 5427232 Sulingen","og_url":"https:\/\/so-anwaelte.de\/es\/imprimir\/","og_site_name":"Steveker &amp; Odebrecht - Anwaltskanzlei","article_modified_time":"2026-02-24T16:25:57+00:00","twitter_card":"summary_large_image","twitter_misc":{"Tiempo de lectura":"2 minutos"},"schema":{"@context":"https:\/\/schema.org","@graph":[{"@type":"WebPage","@id":"https:\/\/so-anwaelte.de\/impressum\/","url":"https:\/\/so-anwaelte.de\/impressum\/","name":"Impressum - Steveker &amp; Odebrecht - Anwaltskanzlei","isPartOf":{"@id":"https:\/\/so-anwaelte.de\/#website"},"datePublished":"2025-04-24T15:40:40+00:00","dateModified":"2026-02-24T16:25:57+00:00","breadcrumb":{"@id":"https:\/\/so-anwaelte.de\/impressum\/#breadcrumb"},"inLanguage":"es","potentialAction":[{"@type":"ReadAction","target":["https:\/\/so-anwaelte.de\/impressum\/"]}]},{"@type":"BreadcrumbList","@id":"https:\/\/so-anwaelte.de\/impressum\/#breadcrumb","itemListElement":[{"@type":"ListItem","position":1,"name":"Home","item":"https:\/\/so-anwaelte.de\/"},{"@type":"ListItem","position":2,"name":"Impressum"}]},{"@type":"WebSite","@id":"https:\/\/so-anwaelte.de\/#website","url":"https:\/\/so-anwaelte.de\/","name":"Steveker &amp; Odebrecht - Despacho de abogados","description":"","publisher":{"@id":"https:\/\/so-anwaelte.de\/#organization"},"potentialAction":[{"@type":"SearchAction","target":{"@type":"EntryPoint","urlTemplate":"https:\/\/so-anwaelte.de\/?s={search_term_string}"},"query-input":{"@type":"PropertyValueSpecification","valueRequired":true,"valueName":"search_term_string"}}],"inLanguage":"es"},{"@type":["Organization","Place","Attorney"],"@id":"https:\/\/so-anwaelte.de\/#organization","name":"Steveker & Odebrecht PartmbB","url":"https:\/\/so-anwaelte.de\/","logo":{"@type":"ImageObject","inLanguage":"es","@id":"https:\/\/so-anwaelte.de\/#\/schema\/logo\/image\/","url":"https:\/\/so-anwaelte.de\/wp-content\/uploads\/2025\/04\/customcolor_logo_transparent_background-scaled.png","contentUrl":"https:\/\/so-anwaelte.de\/wp-content\/uploads\/2025\/04\/customcolor_logo_transparent_background-scaled.png","width":2560,"height":1536,"caption":"Steveker & Odebrecht PartmbB"},"image":{"@id":"https:\/\/so-anwaelte.de\/#\/schema\/logo\/image\/"},"legalName":"Steveker & Odebrecht PartmbB","foundingDate":"2025-07-01","numberOfEmployees":{"@type":"QuantitativeValue","minValue":"11","maxValue":"50"},"telephone":[],"vatID":"DE454806485"}]}},"_links":{"self":[{"href":"https:\/\/so-anwaelte.de\/es\/wp-json\/wp\/v2\/pages\/180","targetHints":{"allow":["GET"]}}],"collection":[{"href":"https:\/\/so-anwaelte.de\/es\/wp-json\/wp\/v2\/pages"}],"about":[{"href":"https:\/\/so-anwaelte.de\/es\/wp-json\/wp\/v2\/types\/page"}],"author":[{"embeddable":true,"href":"https:\/\/so-anwaelte.de\/es\/wp-json\/wp\/v2\/users\/3"}],"replies":[{"embeddable":true,"href":"https:\/\/so-anwaelte.de\/es\/wp-json\/wp\/v2\/comments?post=180"}],"version-history":[{"count":0,"href":"https:\/\/so-anwaelte.de\/es\/wp-json\/wp\/v2\/pages\/180\/revisions"}],"wp:attachment":[{"href":"https:\/\/so-anwaelte.de\/es\/wp-json\/wp\/v2\/media?parent=180"}],"curies":[{"name":"wp","href":"https:\/\/api.w.org\/{rel}","templated":true}]}}